{"id":772,"date":"2022-02-24T09:51:57","date_gmt":"2022-02-24T09:51:57","guid":{"rendered":"https:\/\/andrealudovic.com\/index.php\/home\/"},"modified":"2024-08-13T02:30:53","modified_gmt":"2024-08-13T02:30:53","slug":"home","status":"publish","type":"page","link":"https:\/\/andrealudovic.com\/es\/","title":{"rendered":"Home"},"content":{"rendered":"<div class=\"wp-block-uagb-container uagb-block-1062d911 alignfull uagb-is-root-container\"><div class=\"uagb-container-inner-blocks-wrap\">\n<div class=\"wp-block-uagb-container uagb-block-840ded69\">\n<div class=\"wp-block-uagb-advanced-heading uagb-block-f5dde952\"><h6 class=\"uagb-heading-text\">productora musical e ingeniera<\/h6><\/div>\n\n\n\n<div class=\"wp-block-uagb-advanced-heading uagb-block-651269c5\"><h1 class=\"uagb-heading-text\">Andrea Ludovic<\/h1><\/div>\n\n\n\n<div class=\"wp-block-uagb-buttons uagb-buttons__outer-wrap uagb-btn__default-btn uagb-btn-tablet__default-btn uagb-btn-mobile__default-btn uagb-block-fb4ed552\"><div class=\"uagb-buttons__wrap uagb-buttons-layout-wrap\">\n<div class=\"wp-block-uagb-buttons-child uagb-buttons__outer-wrap uagb-block-0f30d684 wp-block-button\"><div class=\"uagb-button__wrapper\"><a class=\"uagb-buttons-repeater wp-block-button__link\" aria-label=\"\" href=\"https:\/\/andrealudovic.com\/es\/bio\/\" rel=\"follow noopener\" target=\"_blank\" role=\"button\"><div class=\"uagb-button__link\">BIO &amp; PORTFOLIO<\/div><\/a><\/div><\/div>\n<\/div><\/div>\n<\/div>\n<\/div><\/div>\n\n\n\n<div class=\"wp-block-uagb-container uagb-block-e36bd128 alignfull uagb-is-root-container\"><div class=\"uagb-container-inner-blocks-wrap\">\n<div class=\"wp-block-uagb-container uagb-block-d61268b4 alignfull uagb-is-root-container\"><div class=\"uagb-container-inner-blocks-wrap\">\n<div class=\"wp-block-uagb-advanced-heading uagb-block-3811557c\"><h3 class=\"uagb-heading-text\"><strong>Productora Ingeniera Educadora<\/strong><\/h3><p class=\"uagb-desc-text\">\u00a8I am passionate about digital synthesis and love to share what I know and experience with it. I create dramatic sound design and cinematographic deep music for all purposes I stumble upon&#8221;<\/p><\/div>\n<\/div><\/div>\n<\/div><\/div>\n\n\n\n<div class=\"wp-block-uagb-container uagb-block-37cdd5ec alignfull uagb-is-root-container\">\n<div class=\"wp-block-uagb-container uagb-block-cbebf1f8\">\n<div class=\"wp-block-uagb-image uagb-block-4a0b2400 wp-block-uagb-image--layout-default wp-block-uagb-image--effect-static wp-block-uagb-image--align-none\"><figure class=\"wp-block-uagb-image__figure\"><a class=\"\" href=\"https:\/\/andrealudovic.com\/es\/music\/\" target=\"_blank\" rel=\"noopener\"><img decoding=\"async\" srcset=\"https:\/\/andrealudovic.com\/wp-content\/uploads\/2024\/04\/andrea-ludovic-music-producer-engineer-andrealudovic.com-2.jpg 1200w, https:\/\/andrealudovic.com\/wp-content\/uploads\/2024\/04\/andrea-ludovic-music-producer-engineer-andrealudovic.com-2-300x169.jpg 300w, https:\/\/andrealudovic.com\/wp-content\/uploads\/2024\/04\/andrea-ludovic-music-producer-engineer-andrealudovic.com-2-1024x576.jpg 1024w, https:\/\/andrealudovic.com\/wp-content\/uploads\/2024\/04\/andrea-ludovic-music-producer-engineer-andrealudovic.com-2-768x432.jpg 768w, https:\/\/andrealudovic.com\/wp-content\/uploads\/2024\/04\/andrea-ludovic-music-producer-engineer-andrealudovic.com-2-18x10.jpg 18w\" sizes=\"auto, (max-width: 480px) 150px\" src=\"https:\/\/andrealudovic.com\/wp-content\/uploads\/2024\/04\/andrea-ludovic-music-producer-engineer-andrealudovic.com-2.jpg\" alt=\"Andrea Ludovic Music Producer &amp; Engineer Andrealudovic.com 2\" class=\"uag-image-1851\" width=\"1200\" height=\"675\" title=\"andrea ludovic music producer &amp; engineer andrealudovic.com\" loading=\"lazy\" role=\"img\"\/><\/a><\/figure><\/div>\n<\/div>\n\n\n\n<div class=\"wp-block-uagb-container uagb-block-b2276f60\">\n<div class=\"wp-block-uagb-advanced-heading uagb-block-ad47c7e4\"><h5 class=\"uagb-heading-text\">M\u00daSICA<\/h5><p class=\"uagb-desc-text\">I have developed a personal music project since 2010 merging landscape, fast progressive rhythms and orchestral like arrays. I have been a sound artist, designer and producer for more than 7 years for diverse media outlets. Nowadays I am truly interested in developing my engineering career in the field of music technology, while my creative side finds its way through my actual music project where I merge with other artists in an invaluable connection.<\/p><\/div>\n<\/div>\n<\/div>\n\n\n\n<div class=\"wp-block-uagb-container uagb-block-492517c1 alignfull uagb-is-root-container\">\n<div class=\"wp-block-uagb-container uagb-block-3e7a3f10\">\n<h3 class=\"wp-block-heading has-large-font-size\"><strong>SERVICIOS<\/strong><\/h3>\n\n\n\n<p class=\"has-medium-font-size\"><strong><em>Composici\u00f3n y producci\u00f3n musical para medios audiovisuales:<\/em><\/strong><em> Creation of original music for short films, films, advertising, television and internet content, and video games. From the composition of the songs to the production of the music including mixing for the medium in which it will be used. Deliveries in formats . wav, . HD flac.<\/em><br><br><strong><em>Dise\u00f1o de sonido para medios audiovisuales:<\/em><\/strong><em>\u00a0creation of environments and effects for shorts or feature films, web content and video games.<\/em><br><br><strong><em>Comisiones para medios art\u00edsticos:\u00a0<\/em><\/strong><em>creation of audio material (music or sound art) for specific artistic works.<\/em><br><br><em><strong>Online or face-to-face classes<\/strong><\/em> on sound synthesis (sound design and creation) with software tools, specifically virtual instruments.<br><br><strong><em>Formaci\u00f3n en producci\u00f3n musical y s\u00edntesis digital.<\/em><\/strong><em>Online or face-to-face classes of beginner and advanced levels on music production especially in the Ableton Live and Renoise programs.<\/em><\/p>\n<\/div>\n\n\n\n<div class=\"wp-block-uagb-container uagb-block-8b840e47\">\n<div class=\"wp-block-uagb-image aligncenter uagb-block-116fd27b wp-block-uagb-image--layout-default wp-block-uagb-image--effect-static wp-block-uagb-image--align-center\"><figure class=\"wp-block-uagb-image__figure\"><a class=\"\" href=\"https:\/\/andrealudovic.com\/es\/music\/\" target=\"_blank\" rel=\"noreferrer noopener\"><img decoding=\"async\" srcset=\"https:\/\/andrealudovic.com\/wp-content\/uploads\/2024\/04\/Diseno-sin-titulo-1.jpg ,https:\/\/andrealudovic.com\/wp-content\/uploads\/2024\/04\/Diseno-sin-titulo-1.jpg 780w, https:\/\/andrealudovic.com\/wp-content\/uploads\/2024\/04\/Diseno-sin-titulo-1.jpg 360w\" sizes=\"auto, (max-width: 480px) 150px\" src=\"https:\/\/andrealudovic.com\/wp-content\/uploads\/2024\/04\/Diseno-sin-titulo-1.jpg\" alt=\"Andrea Ludovic With Orchestra\" class=\"uag-image-1928\" width=\"562\" height=\"500\" title=\"Andrea Ludovic With Orchestra\" loading=\"lazy\" role=\"img\"\/><\/a><\/figure><\/div>\n<\/div>\n<\/div>\n\n\n\n<div class=\"wp-block-uagb-container uagb-block-79d923b4 alignfull uagb-is-root-container\"><div class=\"uagb-container-inner-blocks-wrap\">\n<div class=\"wp-block-uagb-advanced-heading uagb-block-5e18803e\"><h5 class=\"uagb-heading-text\">Habilidades profesionales<\/h5><p class=\"uagb-desc-text\">Protools &#8211; Ableton Live &#8211; Renoise &#8211; Premiere &#8211; c\/c++\/Python<\/p><\/div>\n<\/div><\/div>\n\n\n\n<div class=\"wp-block-uagb-container uagb-block-c6217d5f alignfull uagb-is-root-container\">\n<div class=\"wp-block-uagb-container uagb-block-acca4a81\">\n<div class=\"wp-block-uagb-advanced-heading uagb-block-05e6f267\"><h2 class=\"uagb-heading-text\"><a href=\"https:\/\/www.youtube.com\/playlist?list=PLY4edABVfcISbmLySMDw7s9imwYPnANe3\" target=\"_blank\" rel=\"noreferrer noopener\">Live<br>Sets<\/a><\/h2><\/div>\n<\/div>\n\n\n\n<div class=\"wp-block-uagb-container uagb-block-4dcaa40e\">\n<div class=\"wp-block-uagb-advanced-heading uagb-block-a2075701\"><h2 class=\"uagb-heading-text\"><a href=\"https:\/\/www.youtube.com\/playlist?list=PLY4edABVfcIT7i_UcrlI2BUedZafF8ZEq\" target=\"_blank\" rel=\"noreferrer noopener\">M\u00fasica<br>Producci\u00f3n<\/a><\/h2><\/div>\n<\/div>\n<\/div>\n\n\n\n<div class=\"wp-block-uagb-container uagb-block-0b0a2601 alignfull uagb-is-root-container\">\n<div class=\"wp-block-uagb-container uagb-block-5a8eb250\">\n<div class=\"wp-block-uagb-advanced-heading uagb-block-96f0a06b\"><h2 class=\"uagb-heading-text\"><a href=\"https:\/\/www.youtube.com\/playlist?list=PLY4edABVfcITXfOAqZ3W28XBtueqQe_zg\" target=\"_blank\" rel=\"noreferrer noopener\">Sound<br>Design<\/a><\/h2><\/div>\n<\/div>\n\n\n\n<div class=\"wp-block-uagb-container uagb-block-dbed0608\">\n<div class=\"wp-block-uagb-advanced-heading uagb-block-4accf89f\"><h2 class=\"uagb-heading-text\"><a href=\"https:\/\/www.youtube.com\/@lasirenlaziren\" target=\"_blank\" rel=\"noreferrer noopener\">La Siren <\/a><br><a href=\"https:\/\/www.youtube.com\/@lasirenlaziren\" target=\"_blank\" rel=\"noreferrer noopener\">La Ziren<\/a><\/h2><\/div>\n<\/div>\n<\/div>\n\n\n\n<div class=\"wp-block-uagb-container uagb-block-d3a59172 alignfull uagb-is-root-container\"><div class=\"uagb-container-inner-blocks-wrap\">\n<div class=\"wp-block-uagb-advanced-heading uagb-block-2bb91737\"><h4 class=\"uagb-heading-text\">Producci\u00f3n musical<\/h4><p class=\"uagb-desc-text\">Composition &#8211; Sound design &#8211; Education<\/p><\/div>\n<\/div><\/div>\n\n\n\n<div class=\"wp-block-uagb-container uagb-block-530e0062 alignfull uagb-is-root-container\"><div class=\"uagb-container-inner-blocks-wrap\">\n<div class=\"wp-block-uagb-advanced-heading uagb-block-589eb9b4\"><h4 class=\"uagb-heading-text\">Next Events<\/h4><p class=\"uagb-desc-text\">Live sets &#8211; Streaming &#8211; Workshops<\/p><\/div>\n\n\n\n<div class=\"wp-block-uagb-container uagb-block-d24bd6f3 alignfull uagb-is-root-container\"><div class=\"uagb-container-inner-blocks-wrap\">\n<div class=\"wp-block-uagb-container uagb-block-34c5c5b0\">\n<div class=\"wp-block-uagb-advanced-heading uagb-block-59c6cc2d\"><h5 class=\"uagb-heading-text\">May, 15<\/h5><\/div>\n<\/div>\n\n\n\n<div class=\"wp-block-uagb-container uagb-block-c2c6dd7a\">\n<div class=\"wp-block-uagb-advanced-heading uagb-block-9970cbca\"><h6 class=\"uagb-heading-text\">Caracas<\/h6><\/div>\n<\/div>\n\n\n\n<div class=\"wp-block-uagb-container uagb-block-98b3a1a4\">\n<div class=\"wp-block-uagb-advanced-heading uagb-block-057699c7\"><h6 class=\"uagb-heading-text\">Live set Women on Tech<\/h6><\/div>\n<\/div>\n\n\n\n<div class=\"wp-block-uagb-container uagb-block-6327f5b6\">\n<div class=\"wp-block-uagb-buttons uagb-buttons__outer-wrap uagb-btn__default-btn uagb-btn-tablet__default-btn uagb-btn-mobile__default-btn uagb-block-b905d141\"><div class=\"uagb-buttons__wrap uagb-buttons-layout-wrap\">\n<div class=\"wp-block-uagb-buttons-child uagb-buttons__outer-wrap uagb-block-62cf72f8 wp-block-button\"><div class=\"uagb-button__wrapper\"><a class=\"uagb-buttons-repeater wp-block-button__link\" aria-label=\"\" href=\"https:\/\/andrealudovic.com\/es\/contact\/\" rel=\"nofollow noopener\" target=\"_blank\" role=\"button\"><div class=\"uagb-button__link\">+ INFO<\/div><\/a><\/div><\/div>\n<\/div><\/div>\n<\/div>\n<\/div><\/div>\n\n\n\n<div class=\"wp-block-uagb-container uagb-block-e17e8ead alignfull uagb-is-root-container\"><div class=\"uagb-container-inner-blocks-wrap\">\n<div class=\"wp-block-uagb-container uagb-block-070012a8\">\n<div class=\"wp-block-uagb-advanced-heading uagb-block-5cd03232\"><h5 class=\"uagb-heading-text\">Jul, 6<\/h5><\/div>\n<\/div>\n\n\n\n<div class=\"wp-block-uagb-container uagb-block-f4c4f09a\">\n<div class=\"wp-block-uagb-advanced-heading uagb-block-cd919935\"><h6 class=\"uagb-heading-text\">Caracas<\/h6><\/div>\n<\/div>\n\n\n\n<div class=\"wp-block-uagb-container uagb-block-28adb393\">\n<div class=\"wp-block-uagb-advanced-heading uagb-block-d62a18ba\"><h6 class=\"uagb-heading-text\">Workshop on music production<\/h6><\/div>\n<\/div>\n\n\n\n<div class=\"wp-block-uagb-container uagb-block-de792daa\">\n<div class=\"wp-block-uagb-buttons uagb-buttons__outer-wrap uagb-btn__default-btn uagb-btn-tablet__default-btn uagb-btn-mobile__default-btn uagb-block-e58ff962\"><div class=\"uagb-buttons__wrap uagb-buttons-layout-wrap\">\n<div class=\"wp-block-uagb-buttons-child uagb-buttons__outer-wrap uagb-block-57e1c88b wp-block-button\"><div class=\"uagb-button__wrapper\"><a class=\"uagb-buttons-repeater wp-block-button__link\" aria-label=\"\" href=\"https:\/\/andrealudovic.com\/es\/contact\/\" rel=\"nofollow noopener\" target=\"_blank\" role=\"button\"><div class=\"uagb-button__link\">+ INFO<\/div><\/a><\/div><\/div>\n<\/div><\/div>\n<\/div>\n<\/div><\/div>\n\n\n\n<div class=\"wp-block-uagb-container uagb-block-0e95e535 alignfull uagb-is-root-container\"><div class=\"uagb-container-inner-blocks-wrap\">\n<div class=\"wp-block-uagb-container uagb-block-aaa851eb\">\n<div class=\"wp-block-uagb-advanced-heading uagb-block-b72b0300\"><h5 class=\"uagb-heading-text\">Aug, 20<\/h5><\/div>\n<\/div>\n\n\n\n<div class=\"wp-block-uagb-container uagb-block-b5ac94d8\">\n<div class=\"wp-block-uagb-advanced-heading uagb-block-497a46fa\"><h6 class=\"uagb-heading-text\">online<\/h6><\/div>\n<\/div>\n\n\n\n<div class=\"wp-block-uagb-container uagb-block-28390ccc\">\n<div class=\"wp-block-uagb-advanced-heading uagb-block-131ad6e9\"><h6 class=\"uagb-heading-text\">Online live streaming<\/h6><\/div>\n<\/div>\n\n\n\n<div class=\"wp-block-uagb-container uagb-block-b8a2ff80\">\n<div class=\"wp-block-uagb-buttons uagb-buttons__outer-wrap uagb-btn__default-btn uagb-btn-tablet__default-btn uagb-btn-mobile__default-btn uagb-block-f1724ae6\"><div class=\"uagb-buttons__wrap uagb-buttons-layout-wrap\">\n<div class=\"wp-block-uagb-buttons-child uagb-buttons__outer-wrap uagb-block-7f419366 wp-block-button\"><div class=\"uagb-button__wrapper\"><a class=\"uagb-buttons-repeater wp-block-button__link\" aria-label=\"\" href=\"https:\/\/andrealudovic.com\/es\/contact\/\" rel=\"nofollow noopener\" target=\"_blank\" role=\"button\"><div class=\"uagb-button__link\">+ INFO<\/div><\/a><\/div><\/div>\n<\/div><\/div>\n<\/div>\n<\/div><\/div>\n<\/div><\/div>\n\n\n\n<div class=\"wp-block-uagb-testimonial uagb-slick-carousel uagb-tm__arrow-outside uagb-block-5445f009\"><div class=\"is-carousel uagb-tm__columns-1 uagb-tm__items\"><div class=\"uagb-testimonial__wrap  uagb-tm__imgicon-style-circle uagb-tm__image-position-bottom uagb-tm__bg-type-color\"><div class=\"uagb-tm__content\"><div class=\"uagb-tm__overlay\"><\/div><div class=\"uagb-tm__text-wrap\"><div class=\"uagb-tm__desc\">\u201cEn el amplio mundo de la m\u00fasica electr\u00f3nica existen nombres destinados a destacar y diferenciarse. No siempre es f\u00e1cil convertirse en un nombre con suficiente peso espec\u00edfico, especialmente para productores que provienen de pa\u00edses con dificultad de proyecci\u00f3n internacional\u201d.<\/div><div class=\"uagb-tm__meta-inner\"><div class=\"uagb-testimonial-details\"><span class=\"uagb-tm__author-name\">Juan Carlos Ballesta<\/span><span class=\"uagb-tm__company\">@revistaladosis<\/span><\/div><\/div><\/div><\/div><\/div><div class=\"uagb-testimonial__wrap  uagb-tm__imgicon-style-circle uagb-tm__image-position-bottom uagb-tm__bg-type-color\"><div class=\"uagb-tm__content\"><div class=\"uagb-tm__overlay\"><\/div><div class=\"uagb-tm__text-wrap\"><div class=\"uagb-tm__desc\">\u201c\u00a1Quiz\u00e1s en la m\u00fasica electr\u00f3nica sea la m\u00e1s reconocida y entre los mejores m\u00fasicos de Venezuela!<\/div><div class=\"uagb-tm__meta-inner\"><div class=\"uagb-testimonial-details\"><span class=\"uagb-tm__author-name\">Carolina Jaimes Branger <\/span><span class=\"uagb-tm__company\">Periodista \/ @cjaimesb<\/span><\/div><\/div><\/div><\/div><\/div><div class=\"uagb-testimonial__wrap  uagb-tm__imgicon-style-circle uagb-tm__image-position-bottom uagb-tm__bg-type-color\"><div class=\"uagb-tm__content\"><div class=\"uagb-tm__overlay\"><\/div><div class=\"uagb-tm__text-wrap\"><div class=\"uagb-tm__desc\">\u201cLudovic investiga constantemente las emociones humanas. En este momento particular, las situaciones cr\u00edticas que atraviesa el mundo la inspiran especialmente a generar preguntas filos\u00f3ficas para la humanidad que seguramente se transformar\u00e1n en m\u00fasica\u201d.<\/div><div class=\"uagb-tm__meta-inner\"><div class=\"uagb-testimonial-details\"><span class=\"uagb-tm__author-name\">MUTEK Montreal<\/span><span class=\"uagb-tm__company\">@mutekmontreal<\/span><\/div><\/div><\/div><\/div><\/div><\/div><\/div>\n\n\n\n<div class=\"wp-block-uagb-container uagb-block-014b1c32 alignfull uagb-is-root-container\">\n<div class=\"wp-block-uagb-container uagb-block-10cee08e\">\n<figure class=\"wp-block-embed is-type-video is-provider-youtube wp-block-embed-youtube wp-embed-aspect-16-9 wp-has-aspect-ratio\"><div class=\"wp-block-embed__wrapper\">\n<div class=\"ast-oembed-container\" style=\"height: 100%;\"><iframe loading=\"lazy\" title=\"Andrea Ludovic - Continuum green \/ Live @ iMPROSESSiON\" width=\"500\" height=\"281\" src=\"https:\/\/www.youtube.com\/embed\/htD2jSJ1OPY?feature=oembed\" frameborder=\"0\" allow=\"accelerometer; autoplay; clipboard-write; encrypted-media; gyroscope; picture-in-picture; web-share\" referrerpolicy=\"strict-origin-when-cross-origin\" allowfullscreen><\/iframe><\/div>\n<\/div><\/figure>\n<\/div>\n\n\n\n<div class=\"wp-block-uagb-container uagb-block-ba7e4df3\">\n<div class=\"wp-block-uagb-advanced-heading uagb-block-123b9407\"><h5 class=\"uagb-heading-text\">Cont\u00e1ctame, recibe actualizaciones, noticias y consejos.<\/h5><\/div>\n\n\n\n<div class=\"wp-block-group is-layout-constrained wp-block-group-is-layout-constrained\"><div class=\"wpforms-container wpforms-block wpforms-block-986fcd21-c0d0-4b7a-b760-9508973093d6 wpforms-render-modern\" id=\"wpforms-2276\"><form id=\"wpforms-form-2276\" class=\"wpforms-validate wpforms-form wpforms-ajax-form\" data-formid=\"2276\" method=\"post\" enctype=\"multipart\/form-data\" action=\"\/es\/wp-json\/wp\/v2\/pages\/772\" data-token=\"703d2ba027380de0581e4ff6adacfca3\" data-token-time=\"1775683680\" data-trp-original-action=\"\/es\/wp-json\/wp\/v2\/pages\/772\"><noscript class=\"wpforms-error-noscript\">Por favor, activa JavaScript en tu navegador para completar este formulario.<\/noscript><div class=\"wpforms-hidden\" id=\"wpforms-error-noscript\">Por favor, activa JavaScript en tu navegador para completar este formulario.<\/div><div class=\"wpforms-field-container\"><div id=\"wpforms-2276-field_2-container\" class=\"wpforms-field wpforms-field-email\" data-field-id=\"2\"><label class=\"wpforms-field-label\" for=\"wpforms-2276-field_2\">Email <span class=\"wpforms-required-label\" aria-hidden=\"true\">*<\/span><\/label><input type=\"email\" id=\"wpforms-2276-field_2\" class=\"wpforms-field-medium wpforms-field-required\" name=\"wpforms[fields][2]\" spellcheck=\"false\" aria-errormessage=\"wpforms-2276-field_2-error\" required><\/div><\/div><!-- .wpforms-field-container --><div class=\"wpforms-recaptcha-container wpforms-is-recaptcha wpforms-is-recaptcha-type-v2\" ><div class=\"g-recaptcha\" data-sitekey=\"6LclCMUpAAAAAAdcFnTCxkwsJ0gJ3TsWz_hut9Vq\"><\/div><input type=\"text\" name=\"g-recaptcha-hidden\" class=\"wpforms-recaptcha-hidden\" style=\"position:absolute!important;clip:rect(0,0,0,0)!important;height:1px!important;width:1px!important;border:0!important;overflow:hidden!important;padding:0!important;margin:0!important;\" data-rule-recaptcha=\"1\"><\/div><div class=\"wpforms-submit-container\" ><input type=\"hidden\" name=\"wpforms[id]\" value=\"2276\"><input type=\"hidden\" name=\"page_title\" value=\"\"><input type=\"hidden\" name=\"page_url\" value=\"https:\/\/andrealudovic.com\/es\/wp-json\/wp\/v2\/pages\/772\"><input type=\"hidden\" name=\"url_referer\" value=\"\"><button type=\"submit\" name=\"wpforms[submit]\" id=\"wpforms-submit-2276\" class=\"wpforms-submit\" data-alt-text=\"Sending...\" data-submit-text=\"Submit\" aria-live=\"assertive\" value=\"wpforms-submit\">Submit<\/button><img loading=\"lazy\" decoding=\"async\" src=\"https:\/\/andrealudovic.com\/wp-content\/plugins\/wpforms-lite\/assets\/images\/submit-spin.svg\" class=\"wpforms-submit-spinner\" style=\"display: none;\" width=\"26\" height=\"26\" alt=\"Cargando\"><\/div><input type=\"hidden\" name=\"trp-form-language\" value=\"es\"\/><\/form><\/div>  <!-- .wpforms-container --><\/div>\n<\/div>\n<\/div>","protected":false},"excerpt":{"rendered":"<p>Engineer, music producer and sound artist. Composition &#8211; Sound design &#8211; Education.<\/p>","protected":false},"author":1,"featured_media":1882,"parent":0,"menu_order":0,"comment_status":"closed","ping_status":"closed","template":"","meta":{"_uag_custom_page_level_css":"","site-sidebar-layout":"no-sidebar","site-content-layout":"plain-container","ast-site-content-layout":"normal-width-container","site-content-style":"unboxed","site-sidebar-style":"unboxed","ast-global-header-display":"","ast-banner-title-visibility":"","ast-main-header-display":"","ast-hfb-above-header-display":"","ast-hfb-below-header-display":"","ast-hfb-mobile-header-display":"","site-post-title":"disabled","ast-breadcrumbs-content":"","ast-featured-img":"disabled","footer-sml-layout":"","theme-transparent-header-meta":"enabled","adv-header-id-meta":"","stick-header-meta":"","header-above-stick-meta":"","header-main-stick-meta":"","header-below-stick-meta":"","astra-migrate-meta-layouts":"set","ast-page-background-enabled":"default","ast-page-background-meta":{"desktop":{"background-color":"","background-image":"","background-repeat":"repeat","background-position":"center center","background-size":"auto","background-attachment":"scroll","background-type":"","background-media":"","overlay-type":"","overlay-color":"","overlay-opacity":"","overlay-gradient":""},"tablet":{"background-color":"","background-image":"","background-repeat":"repeat","background-position":"center center","background-size":"auto","background-attachment":"scroll","background-type":"","background-media":"","overlay-type":"","overlay-color":"","overlay-opacity":"","overlay-gradient":""},"mobile":{"background-color":"","background-image":"","background-repeat":"repeat","background-position":"center center","background-size":"auto","background-attachment":"scroll","background-type":"","background-media":"","overlay-type":"","overlay-color":"","overlay-opacity":"","overlay-gradient":""}},"ast-content-background-meta":{"desktop":{"background-color":"var(--ast-global-color-5)","background-image":"","background-repeat":"repeat","background-position":"center center","background-size":"auto","background-attachment":"scroll","background-type":"","background-media":"","overlay-type":"","overlay-color":"","overlay-opacity":"","overlay-gradient":""},"tablet":{"background-color":"var(--ast-global-color-5)","background-image":"","background-repeat":"repeat","background-position":"center center","background-size":"auto","background-attachment":"scroll","background-type":"","background-media":"","overlay-type":"","overlay-color":"","overlay-opacity":"","overlay-gradient":""},"mobile":{"background-color":"var(--ast-global-color-5)","background-image":"","background-repeat":"repeat","background-position":"center center","background-size":"auto","background-attachment":"scroll","background-type":"","background-media":"","overlay-type":"","overlay-color":"","overlay-opacity":"","overlay-gradient":""}},"_themeisle_gutenberg_block_has_review":false,"slim_seo":{"description":"Engineer, music producer and sound artist. Composition - Sound design - Education.","facebook_image":"https:\/\/andrealudovic.com\/wp-content\/uploads\/2024\/04\/Andrea-Ludovic-music-producer-and-engineer.jpg","twitter_image":"https:\/\/andrealudovic.com\/wp-content\/uploads\/2024\/04\/Andrea-Ludovic-music-producer-and-engineer.jpg","title":"Andrea Ludovic - Engineer and music producer"},"footnotes":""},"class_list":["post-772","page","type-page","status-publish","has-post-thumbnail","hentry"],"uagb_featured_image_src":{"full":["https:\/\/andrealudovic.com\/wp-content\/uploads\/2024\/04\/Andrea-Ludovic-music-producer-and-engineer.jpg",1200,675,false],"thumbnail":["https:\/\/andrealudovic.com\/wp-content\/uploads\/2024\/04\/Andrea-Ludovic-music-producer-and-engineer-150x150.jpg",150,150,true],"medium":["https:\/\/andrealudovic.com\/wp-content\/uploads\/2024\/04\/Andrea-Ludovic-music-producer-and-engineer-300x169.jpg",300,169,true],"medium_large":["https:\/\/andrealudovic.com\/wp-content\/uploads\/2024\/04\/Andrea-Ludovic-music-producer-and-engineer-768x432.jpg",768,432,true],"large":["https:\/\/andrealudovic.com\/wp-content\/uploads\/2024\/04\/Andrea-Ludovic-music-producer-and-engineer-1024x576.jpg",1024,576,true],"1536x1536":["https:\/\/andrealudovic.com\/wp-content\/uploads\/2024\/04\/Andrea-Ludovic-music-producer-and-engineer.jpg",1200,675,false],"2048x2048":["https:\/\/andrealudovic.com\/wp-content\/uploads\/2024\/04\/Andrea-Ludovic-music-producer-and-engineer.jpg",1200,675,false],"trp-custom-language-flag":["https:\/\/andrealudovic.com\/wp-content\/uploads\/2024\/04\/Andrea-Ludovic-music-producer-and-engineer-18x10.jpg",18,10,true]},"uagb_author_info":{"display_name":"ludovicatool","author_link":"https:\/\/andrealudovic.com\/es\/author\/ludovicatool\/"},"uagb_comment_info":0,"uagb_excerpt":"Engineer, music producer and sound artist. Composition - Sound design - Education.","_links":{"self":[{"href":"https:\/\/andrealudovic.com\/es\/wp-json\/wp\/v2\/pages\/772","targetHints":{"allow":["GET"]}}],"collection":[{"href":"https:\/\/andrealudovic.com\/es\/wp-json\/wp\/v2\/pages"}],"about":[{"href":"https:\/\/andrealudovic.com\/es\/wp-json\/wp\/v2\/types\/page"}],"author":[{"embeddable":true,"href":"https:\/\/andrealudovic.com\/es\/wp-json\/wp\/v2\/users\/1"}],"replies":[{"embeddable":true,"href":"https:\/\/andrealudovic.com\/es\/wp-json\/wp\/v2\/comments?post=772"}],"version-history":[{"count":57,"href":"https:\/\/andrealudovic.com\/es\/wp-json\/wp\/v2\/pages\/772\/revisions"}],"predecessor-version":[{"id":2344,"href":"https:\/\/andrealudovic.com\/es\/wp-json\/wp\/v2\/pages\/772\/revisions\/2344"}],"wp:featuredmedia":[{"embeddable":true,"href":"https:\/\/andrealudovic.com\/es\/wp-json\/wp\/v2\/media\/1882"}],"wp:attachment":[{"href":"https:\/\/andrealudovic.com\/es\/wp-json\/wp\/v2\/media?parent=772"}],"curies":[{"name":"wp","href":"https:\/\/api.w.org\/{rel}","templated":true}]}}