{"id":1828,"date":"2024-04-04T14:30:02","date_gmt":"2024-04-04T14:30:02","guid":{"rendered":"https:\/\/andrealudovic.com\/?page_id=1828"},"modified":"2024-04-24T03:31:47","modified_gmt":"2024-04-24T03:31:47","slug":"blog","status":"publish","type":"page","link":"https:\/\/andrealudovic.com\/es\/blog\/","title":{"rendered":"Blog"},"content":{"rendered":"<div class=\"wp-block-uagb-post-grid uagb-post-grid  uagb-post__image-position-top uagb-post__image-enabled uagb-block-d794ee9f     uagb-post__items uagb-post__columns-3 is-grid uagb-post__columns-tablet-2 uagb-post__columns-mobile-1 uagb-post__equal-height\" data-total=\"1\" style=\"\">\n\n\t\t\t\t\t\t\t\t\t\t\t\t<article class=\"uagb-post__inner-wrap\">\t\t\t\t\t\t\t\t<div class='uagb-post__image'>\n\t\t\t\t\t\t\t\t\t<a href=\"https:\/\/andrealudovic.com\/es\/services\/common-issues-editing-audio\/\" target=\"_self\" rel=\"bookmark noopener noreferrer\" class='uagb-image-ratio-inherit'><img loading=\"lazy\" decoding=\"async\" width=\"1024\" height=\"576\" src=\"https:\/\/andrealudovic.com\/wp-content\/uploads\/2024\/04\/andrea-ludovic-professional-services-1024x576.jpg\" class=\"attachment-large size-large\" alt=\"andrea ludovic professional services\" srcset=\"https:\/\/andrealudovic.com\/wp-content\/uploads\/2024\/04\/andrea-ludovic-professional-services-1024x576.jpg 1024w, https:\/\/andrealudovic.com\/wp-content\/uploads\/2024\/04\/andrea-ludovic-professional-services-300x169.jpg 300w, https:\/\/andrealudovic.com\/wp-content\/uploads\/2024\/04\/andrea-ludovic-professional-services-768x432.jpg 768w, https:\/\/andrealudovic.com\/wp-content\/uploads\/2024\/04\/andrea-ludovic-professional-services-18x10.jpg 18w, https:\/\/andrealudovic.com\/wp-content\/uploads\/2024\/04\/andrea-ludovic-professional-services.jpg 1200w\" sizes=\"auto, (max-width: 1024px) 100vw, 1024px\" \/>\t\t\t\t\t<\/a>\n\t\t\t\t\t\t\t<\/div>\n\t\t\t\t\t\t<h4 class=\"uagb-post__title uagb-post__text\">\n\t\t\t\t<a href=\"https:\/\/andrealudovic.com\/es\/services\/common-issues-editing-audio\/\" target=\"_self\" rel=\"bookmark noopener noreferrer\">5 obst\u00e1culos comunes en la edici\u00f3n, s\u00edntesis y producci\u00f3n de audio.<\/a>\n\t\t\t<\/h4>\n\t\t\t\t\t\t<div class='uagb-post__text uagb-post-grid-byline'>\n\t\t\t\t\t\t\t\t<time datetime=\"2024-04-11T19:03:18+00:00\" class=\"uagb-post__date\">\n\t\t\t\t<span class=\"dashicons-calendar dashicons\"><\/span>\t\t\t\t\tabril 11, 2024\t\t\t\t<\/time>\n\t\t\t\t\t\t\t<span class=\"uagb-post__comment\">\n\t\t\t\t<span class=\"dashicons-admin-comments dashicons\"><\/span>\t\t\t\t\t3 comentarios\t\t\t\t<\/span>\n\t\t\t\t\t\t<\/div>\n\t\t\t\t\t\t\t<div class='uagb-post__text uagb-post__excerpt'>\n\t\t\t\t\t<p>Creating high-quality audio is not just a matter of talent and work, but also of&#8230;\t\t\t\t<\/div>\n\t\t\t\t\t\t<div class=\"uagb-post__text uagb-post__cta wp-block-button\">\n\t\t\t\t<a class=\"wp-block-button__link uagb-text-link\" style=\"\" href=\"https:\/\/andrealudovic.com\/es\/services\/common-issues-editing-audio\/\" target=\"_self\" rel=\"bookmark noopener noreferrer\">Leer m\u00e1s<\/a>\n\t\t\t<\/div>\n\t\t\t\n\t\t\t\t\t\t\t\t\t<\/article>\n\t\t\t\t\t\t\t\t\t\t\t\t\t\t\t\t<article class=\"uagb-post__inner-wrap\">\t\t\t\t\t\t\t\t<div class='uagb-post__image'>\n\t\t\t\t\t\t\t\t\t<a href=\"https:\/\/andrealudovic.com\/es\/music\/5-virtual-instruments-to-make-sound-and-music\/\" target=\"_self\" rel=\"bookmark noopener noreferrer\" class='uagb-image-ratio-inherit'><img loading=\"lazy\" decoding=\"async\" width=\"1024\" height=\"576\" src=\"https:\/\/andrealudovic.com\/wp-content\/uploads\/2024\/04\/Technical-issues-in-audio-editing-andrea-ludovic-1024x576.jpg\" class=\"attachment-large size-large\" alt=\"Technical Issues In Audio Editing Andrea Ludovic\" srcset=\"https:\/\/andrealudovic.com\/wp-content\/uploads\/2024\/04\/Technical-issues-in-audio-editing-andrea-ludovic-1024x576.jpg 1024w, https:\/\/andrealudovic.com\/wp-content\/uploads\/2024\/04\/Technical-issues-in-audio-editing-andrea-ludovic-300x169.jpg 300w, https:\/\/andrealudovic.com\/wp-content\/uploads\/2024\/04\/Technical-issues-in-audio-editing-andrea-ludovic-768x432.jpg 768w, https:\/\/andrealudovic.com\/wp-content\/uploads\/2024\/04\/Technical-issues-in-audio-editing-andrea-ludovic.jpg 1200w\" sizes=\"auto, (max-width: 1024px) 100vw, 1024px\" \/>\t\t\t\t\t<\/a>\n\t\t\t\t\t\t\t<\/div>\n\t\t\t\t\t\t<h4 class=\"uagb-post__title uagb-post__text\">\n\t\t\t\t<a href=\"https:\/\/andrealudovic.com\/es\/music\/5-virtual-instruments-to-make-sound-and-music\/\" target=\"_self\" rel=\"bookmark noopener noreferrer\">5 instrumentos virtuales gratuitos que cualquiera puede usar para crear m\u00fasica y sonido incre\u00edbles<\/a>\n\t\t\t<\/h4>\n\t\t\t\t\t\t<div class='uagb-post__text uagb-post-grid-byline'>\n\t\t\t\t\t\t\t\t<time datetime=\"2024-04-11T19:01:47+00:00\" class=\"uagb-post__date\">\n\t\t\t\t<span class=\"dashicons-calendar dashicons\"><\/span>\t\t\t\t\tabril 11, 2024\t\t\t\t<\/time>\n\t\t\t\t\t\t\t<span class=\"uagb-post__comment\">\n\t\t\t\t<span class=\"dashicons-admin-comments dashicons\"><\/span>\t\t\t\t\t4 comentarios\t\t\t\t<\/span>\n\t\t\t\t\t\t<\/div>\n\t\t\t\t\t\t\t<div class='uagb-post__text uagb-post__excerpt'>\n\t\t\t\t\t<p>Here I present some free downloadable ones with which you can learn and produce high-level&#8230;\t\t\t\t<\/div>\n\t\t\t\t\t\t<div class=\"uagb-post__text uagb-post__cta wp-block-button\">\n\t\t\t\t<a class=\"wp-block-button__link uagb-text-link\" style=\"\" href=\"https:\/\/andrealudovic.com\/es\/music\/5-virtual-instruments-to-make-sound-and-music\/\" target=\"_self\" rel=\"bookmark noopener noreferrer\">Leer m\u00e1s<\/a>\n\t\t\t<\/div>\n\t\t\t\n\t\t\t\t\t\t\t\t\t<\/article>\n\t\t\t\t\t\t\t\t\t\t\t\t\t\t\t\t<article class=\"uagb-post__inner-wrap\">\t\t\t\t\t\t\t\t<div class='uagb-post__image'>\n\t\t\t\t\t\t\t\t\t<a href=\"https:\/\/andrealudovic.com\/es\/education\/7-essential-artists-of-electronic-music\/\" target=\"_self\" rel=\"bookmark noopener noreferrer\" class='uagb-image-ratio-inherit'><img loading=\"lazy\" decoding=\"async\" width=\"1024\" height=\"576\" src=\"https:\/\/andrealudovic.com\/wp-content\/uploads\/2024\/04\/Trentemoller-DenGraHal-FlemmingBoJense-1024x576.jpg\" class=\"attachment-large size-large\" alt=\"Trentem\u00f8ller Dengr\u00e5hal Flemmingbojense\" srcset=\"https:\/\/andrealudovic.com\/wp-content\/uploads\/2024\/04\/Trentemoller-DenGraHal-FlemmingBoJense-1024x576.jpg 1024w, https:\/\/andrealudovic.com\/wp-content\/uploads\/2024\/04\/Trentemoller-DenGraHal-FlemmingBoJense-300x169.jpg 300w, https:\/\/andrealudovic.com\/wp-content\/uploads\/2024\/04\/Trentemoller-DenGraHal-FlemmingBoJense-768x432.jpg 768w, https:\/\/andrealudovic.com\/wp-content\/uploads\/2024\/04\/Trentemoller-DenGraHal-FlemmingBoJense.jpg 1200w\" sizes=\"auto, (max-width: 1024px) 100vw, 1024px\" \/>\t\t\t\t\t<\/a>\n\t\t\t\t\t\t\t<\/div>\n\t\t\t\t\t\t<h4 class=\"uagb-post__title uagb-post__text\">\n\t\t\t\t<a href=\"https:\/\/andrealudovic.com\/es\/education\/7-essential-artists-of-electronic-music\/\" target=\"_self\" rel=\"bookmark noopener noreferrer\">7 artistas imprescindibles de la m\u00fasica electr\u00f3nica: un tributo a la autenticidad y la innovaci\u00f3n<\/a>\n\t\t\t<\/h4>\n\t\t\t\t\t\t<div class='uagb-post__text uagb-post-grid-byline'>\n\t\t\t\t\t\t\t\t<time datetime=\"2024-04-01T03:33:50+00:00\" class=\"uagb-post__date\">\n\t\t\t\t<span class=\"dashicons-calendar dashicons\"><\/span>\t\t\t\t\tabril 1, 2024\t\t\t\t<\/time>\n\t\t\t\t\t\t\t<span class=\"uagb-post__comment\">\n\t\t\t\t<span class=\"dashicons-admin-comments dashicons\"><\/span>\t\t\t\t\t1 comentario\t\t\t\t<\/span>\n\t\t\t\t\t\t<\/div>\n\t\t\t\t\t\t\t<div class='uagb-post__text uagb-post__excerpt'>\n\t\t\t\t\t<p>There are countless music producers or electronic musicians around the world, more so after the&#8230;\t\t\t\t<\/div>\n\t\t\t\t\t\t<div class=\"uagb-post__text uagb-post__cta wp-block-button\">\n\t\t\t\t<a class=\"wp-block-button__link uagb-text-link\" style=\"\" href=\"https:\/\/andrealudovic.com\/es\/education\/7-essential-artists-of-electronic-music\/\" target=\"_self\" rel=\"bookmark noopener noreferrer\">Leer m\u00e1s<\/a>\n\t\t\t<\/div>\n\t\t\t\n\t\t\t\t\t\t\t\t\t<\/article>\n\t\t\t\t\t\t\t\t\t\t\t<\/div>","protected":false},"excerpt":{"rendered":"","protected":false},"author":1,"featured_media":1882,"parent":0,"menu_order":0,"comment_status":"closed","ping_status":"closed","template":"","meta":{"_uag_custom_page_level_css":"","site-sidebar-layout":"default","site-content-layout":"","ast-site-content-layout":"normal-width-container","site-content-style":"default","site-sidebar-style":"default","ast-global-header-display":"","ast-banner-title-visibility":"","ast-main-header-display":"","ast-hfb-above-header-display":"","ast-hfb-below-header-display":"","ast-hfb-mobile-header-display":"","site-post-title":"","ast-breadcrumbs-content":"","ast-featured-img":"","footer-sml-layout":"","theme-transparent-header-meta":"","adv-header-id-meta":"","stick-header-meta":"","header-above-stick-meta":"","header-main-stick-meta":"","header-below-stick-meta":"","astra-migrate-meta-layouts":"set","ast-page-background-enabled":"default","ast-page-background-meta":{"desktop":{"background-color":"","background-image":"","background-repeat":"repeat","background-position":"center center","background-size":"auto","background-attachment":"scroll","background-type":"","background-media":"","overlay-type":"","overlay-color":"","overlay-opacity":"","overlay-gradient":""},"tablet":{"background-color":"","background-image":"","background-repeat":"repeat","background-position":"center center","background-size":"auto","background-attachment":"scroll","background-type":"","background-media":"","overlay-type":"","overlay-color":"","overlay-opacity":"","overlay-gradient":""},"mobile":{"background-color":"","background-image":"","background-repeat":"repeat","background-position":"center center","background-size":"auto","background-attachment":"scroll","background-type":"","background-media":"","overlay-type":"","overlay-color":"","overlay-opacity":"","overlay-gradient":""}},"ast-content-background-meta":{"desktop":{"background-color":"var(--ast-global-color-5)","background-image":"","background-repeat":"repeat","background-position":"center center","background-size":"auto","background-attachment":"scroll","background-type":"","background-media":"","overlay-type":"","overlay-color":"","overlay-opacity":"","overlay-gradient":""},"tablet":{"background-color":"var(--ast-global-color-5)","background-image":"","background-repeat":"repeat","background-position":"center center","background-size":"auto","background-attachment":"scroll","background-type":"","background-media":"","overlay-type":"","overlay-color":"","overlay-opacity":"","overlay-gradient":""},"mobile":{"background-color":"var(--ast-global-color-5)","background-image":"","background-repeat":"repeat","background-position":"center center","background-size":"auto","background-attachment":"scroll","background-type":"","background-media":"","overlay-type":"","overlay-color":"","overlay-opacity":"","overlay-gradient":""}},"_themeisle_gutenberg_block_has_review":false,"slim_seo":{"facebook_image":"https:\/\/andrealudovic.com\/wp-content\/uploads\/2024\/04\/Andrea-Ludovic-music-producer-and-engineer.jpg","twitter_image":"https:\/\/andrealudovic.com\/wp-content\/uploads\/2024\/04\/Andrea-Ludovic-music-producer-and-engineer.jpg","title":"Blog - Andrea Ludovic","description":""},"footnotes":""},"class_list":["post-1828","page","type-page","status-publish","has-post-thumbnail","hentry"],"uagb_featured_image_src":{"full":["https:\/\/andrealudovic.com\/wp-content\/uploads\/2024\/04\/Andrea-Ludovic-music-producer-and-engineer.jpg",1200,675,false],"thumbnail":["https:\/\/andrealudovic.com\/wp-content\/uploads\/2024\/04\/Andrea-Ludovic-music-producer-and-engineer-150x150.jpg",150,150,true],"medium":["https:\/\/andrealudovic.com\/wp-content\/uploads\/2024\/04\/Andrea-Ludovic-music-producer-and-engineer-300x169.jpg",300,169,true],"medium_large":["https:\/\/andrealudovic.com\/wp-content\/uploads\/2024\/04\/Andrea-Ludovic-music-producer-and-engineer-768x432.jpg",768,432,true],"large":["https:\/\/andrealudovic.com\/wp-content\/uploads\/2024\/04\/Andrea-Ludovic-music-producer-and-engineer-1024x576.jpg",1024,576,true],"1536x1536":["https:\/\/andrealudovic.com\/wp-content\/uploads\/2024\/04\/Andrea-Ludovic-music-producer-and-engineer.jpg",1200,675,false],"2048x2048":["https:\/\/andrealudovic.com\/wp-content\/uploads\/2024\/04\/Andrea-Ludovic-music-producer-and-engineer.jpg",1200,675,false],"trp-custom-language-flag":["https:\/\/andrealudovic.com\/wp-content\/uploads\/2024\/04\/Andrea-Ludovic-music-producer-and-engineer-18x10.jpg",18,10,true]},"uagb_author_info":{"display_name":"ludovicatool","author_link":"https:\/\/andrealudovic.com\/es\/author\/ludovicatool\/"},"uagb_comment_info":0,"uagb_excerpt":null,"_links":{"self":[{"href":"https:\/\/andrealudovic.com\/es\/wp-json\/wp\/v2\/pages\/1828","targetHints":{"allow":["GET"]}}],"collection":[{"href":"https:\/\/andrealudovic.com\/es\/wp-json\/wp\/v2\/pages"}],"about":[{"href":"https:\/\/andrealudovic.com\/es\/wp-json\/wp\/v2\/types\/page"}],"author":[{"embeddable":true,"href":"https:\/\/andrealudovic.com\/es\/wp-json\/wp\/v2\/users\/1"}],"replies":[{"embeddable":true,"href":"https:\/\/andrealudovic.com\/es\/wp-json\/wp\/v2\/comments?post=1828"}],"version-history":[{"count":9,"href":"https:\/\/andrealudovic.com\/es\/wp-json\/wp\/v2\/pages\/1828\/revisions"}],"predecessor-version":[{"id":2137,"href":"https:\/\/andrealudovic.com\/es\/wp-json\/wp\/v2\/pages\/1828\/revisions\/2137"}],"wp:featuredmedia":[{"embeddable":true,"href":"https:\/\/andrealudovic.com\/es\/wp-json\/wp\/v2\/media\/1882"}],"wp:attachment":[{"href":"https:\/\/andrealudovic.com\/es\/wp-json\/wp\/v2\/media?parent=1828"}],"curies":[{"name":"wp","href":"https:\/\/api.w.org\/{rel}","templated":true}]}}